{"id":48258,"date":"2019-08-12T18:34:44","date_gmt":"2019-08-12T16:34:44","guid":{"rendered":"https:\/\/www.dogmasocks.com\/?page_id=48258"},"modified":"2019-08-12T18:34:45","modified_gmt":"2019-08-12T16:34:45","slug":"home","status":"publish","type":"page","link":"http:\/\/www.dogmasocks.com\/hr\/","title":{"rendered":"Home"},"content":{"rendered":"","protected":false},"excerpt":{"rendered":"","protected":false},"author":1,"featured_media":0,"parent":0,"menu_order":0,"comment_status":"closed","ping_status":"closed","template":"page-home.php","meta":{"_acf_changed":false,"footnotes":""},"class_list":["post-48258","page","type-page","status-publish","hentry"],"acf":[],"yoast_head":"<!-- This site is optimized with the Yoast SEO plugin v24.2 - https:\/\/yoast.com\/wordpress\/plugins\/seo\/ -->\n<title>Po\u010detna | Dogma Socks - Extreme Design For Your Feet<\/title>\n<meta name=\"description\" content=\"Dogma je umjetni\u010dki i visokotehnolo\u0161ki brand dizajniran da zadovolji najzahtjevnije ljubitelje sporta na Zemlji. Proizvodimo visokokvalitetne \u010darape i ostale proizvode.\" \/>\n<meta name=\"robots\" content=\"index, follow, max-snippet:-1, max-image-preview:large, max-video-preview:-1\" \/>\n<link rel=\"canonical\" href=\"http:\/\/www.dogmasocks.com\/hr\/\" \/>\n<meta property=\"og:locale\" content=\"hr_HR\" \/>\n<meta property=\"og:type\" content=\"article\" \/>\n<meta property=\"og:title\" content=\"Po\u010detna | Dogma Socks - Extreme Design For Your Feet\" \/>\n<meta property=\"og:description\" content=\"Dogma je umjetni\u010dki i visokotehnolo\u0161ki brand dizajniran da zadovolji najzahtjevnije ljubitelje sporta na Zemlji. Proizvodimo visokokvalitetne \u010darape i ostale proizvode.\" \/>\n<meta property=\"og:url\" content=\"http:\/\/www.dogmasocks.com\/hr\/\" \/>\n<meta property=\"og:site_name\" content=\"Dogma Socks\" \/>\n<meta property=\"article:publisher\" content=\"https:\/\/www.facebook.com\/dogmasocks\/\" \/>\n<meta property=\"article:modified_time\" content=\"2019-08-12T16:34:45+00:00\" \/>\n<meta name=\"twitter:card\" content=\"summary_large_image\" \/>\n<script type=\"application\/ld+json\" class=\"yoast-schema-graph\">{\"@context\":\"https:\/\/schema.org\",\"@graph\":[{\"@type\":\"WebPage\",\"@id\":\"http:\/\/www.dogmasocks.com\/hr\/\",\"url\":\"http:\/\/www.dogmasocks.com\/hr\/\",\"name\":\"Po\u010detna | Dogma Socks - Extreme Design For Your Feet\",\"isPartOf\":{\"@id\":\"http:\/\/www.dogmasocks.com\/hr\/#website\"},\"datePublished\":\"2019-08-12T16:34:44+00:00\",\"dateModified\":\"2019-08-12T16:34:45+00:00\",\"description\":\"Dogma je umjetni\u010dki i visokotehnolo\u0161ki brand dizajniran da zadovolji najzahtjevnije ljubitelje sporta na Zemlji. Proizvodimo visokokvalitetne \u010darape i ostale proizvode.\",\"breadcrumb\":{\"@id\":\"http:\/\/www.dogmasocks.com\/hr\/#breadcrumb\"},\"inLanguage\":\"hr\",\"potentialAction\":[{\"@type\":\"ReadAction\",\"target\":[\"http:\/\/www.dogmasocks.com\/hr\/\"]}]},{\"@type\":\"BreadcrumbList\",\"@id\":\"http:\/\/www.dogmasocks.com\/hr\/#breadcrumb\",\"itemListElement\":[{\"@type\":\"ListItem\",\"position\":1,\"name\":\"Home\",\"item\":\"https:\/\/www.dogmasocks.com\/hr\/\"},{\"@type\":\"ListItem\",\"position\":2,\"name\":\"Home\"}]},{\"@type\":\"WebSite\",\"@id\":\"http:\/\/www.dogmasocks.com\/hr\/#website\",\"url\":\"http:\/\/www.dogmasocks.com\/hr\/\",\"name\":\"Dogma Socks\",\"description\":\"eXtreme design for your feet.\",\"potentialAction\":[{\"@type\":\"SearchAction\",\"target\":{\"@type\":\"EntryPoint\",\"urlTemplate\":\"http:\/\/www.dogmasocks.com\/hr\/?s={search_term_string}\"},\"query-input\":{\"@type\":\"PropertyValueSpecification\",\"valueRequired\":true,\"valueName\":\"search_term_string\"}}],\"inLanguage\":\"hr\"}]}<\/script>\n<!-- \/ Yoast SEO plugin. -->","yoast_head_json":{"title":"Po\u010detna | Dogma Socks - Extreme Design For Your Feet","description":"Dogma je umjetni\u010dki i visokotehnolo\u0161ki brand dizajniran da zadovolji najzahtjevnije ljubitelje sporta na Zemlji. Proizvodimo visokokvalitetne \u010darape i ostale proizvode.","robots":{"index":"index","follow":"follow","max-snippet":"max-snippet:-1","max-image-preview":"max-image-preview:large","max-video-preview":"max-video-preview:-1"},"canonical":"http:\/\/www.dogmasocks.com\/hr\/","og_locale":"hr_HR","og_type":"article","og_title":"Po\u010detna | Dogma Socks - Extreme Design For Your Feet","og_description":"Dogma je umjetni\u010dki i visokotehnolo\u0161ki brand dizajniran da zadovolji najzahtjevnije ljubitelje sporta na Zemlji. Proizvodimo visokokvalitetne \u010darape i ostale proizvode.","og_url":"http:\/\/www.dogmasocks.com\/hr\/","og_site_name":"Dogma Socks","article_publisher":"https:\/\/www.facebook.com\/dogmasocks\/","article_modified_time":"2019-08-12T16:34:45+00:00","twitter_card":"summary_large_image","schema":{"@context":"https:\/\/schema.org","@graph":[{"@type":"WebPage","@id":"http:\/\/www.dogmasocks.com\/hr\/","url":"http:\/\/www.dogmasocks.com\/hr\/","name":"Po\u010detna | Dogma Socks - Extreme Design For Your Feet","isPartOf":{"@id":"http:\/\/www.dogmasocks.com\/hr\/#website"},"datePublished":"2019-08-12T16:34:44+00:00","dateModified":"2019-08-12T16:34:45+00:00","description":"Dogma je umjetni\u010dki i visokotehnolo\u0161ki brand dizajniran da zadovolji najzahtjevnije ljubitelje sporta na Zemlji. Proizvodimo visokokvalitetne \u010darape i ostale proizvode.","breadcrumb":{"@id":"http:\/\/www.dogmasocks.com\/hr\/#breadcrumb"},"inLanguage":"hr","potentialAction":[{"@type":"ReadAction","target":["http:\/\/www.dogmasocks.com\/hr\/"]}]},{"@type":"BreadcrumbList","@id":"http:\/\/www.dogmasocks.com\/hr\/#breadcrumb","itemListElement":[{"@type":"ListItem","position":1,"name":"Home","item":"https:\/\/www.dogmasocks.com\/hr\/"},{"@type":"ListItem","position":2,"name":"Home"}]},{"@type":"WebSite","@id":"http:\/\/www.dogmasocks.com\/hr\/#website","url":"http:\/\/www.dogmasocks.com\/hr\/","name":"Dogma Socks","description":"eXtreme design for your feet.","potentialAction":[{"@type":"SearchAction","target":{"@type":"EntryPoint","urlTemplate":"http:\/\/www.dogmasocks.com\/hr\/?s={search_term_string}"},"query-input":{"@type":"PropertyValueSpecification","valueRequired":true,"valueName":"search_term_string"}}],"inLanguage":"hr"}]}},"_links":{"self":[{"href":"http:\/\/www.dogmasocks.com\/hr\/wp-json\/wp\/v2\/pages\/48258","targetHints":{"allow":["GET"]}}],"collection":[{"href":"http:\/\/www.dogmasocks.com\/hr\/wp-json\/wp\/v2\/pages"}],"about":[{"href":"http:\/\/www.dogmasocks.com\/hr\/wp-json\/wp\/v2\/types\/page"}],"author":[{"embeddable":true,"href":"http:\/\/www.dogmasocks.com\/hr\/wp-json\/wp\/v2\/users\/1"}],"replies":[{"embeddable":true,"href":"http:\/\/www.dogmasocks.com\/hr\/wp-json\/wp\/v2\/comments?post=48258"}],"version-history":[{"count":1,"href":"http:\/\/www.dogmasocks.com\/hr\/wp-json\/wp\/v2\/pages\/48258\/revisions"}],"predecessor-version":[{"id":48259,"href":"http:\/\/www.dogmasocks.com\/hr\/wp-json\/wp\/v2\/pages\/48258\/revisions\/48259"}],"wp:attachment":[{"href":"http:\/\/www.dogmasocks.com\/hr\/wp-json\/wp\/v2\/media?parent=48258"}],"curies":[{"name":"wp","href":"https:\/\/api.w.org\/{rel}","templated":true}]}}